{"id":5,"date":"2021-01-11T13:46:24","date_gmt":"2021-01-11T16:46:24","guid":{"rendered":"https:\/?page_id=5"},"modified":"2022-09-02T09:38:49","modified_gmt":"2022-09-02T12:38:49","slug":"5-2","status":"publish","type":"page","link":"https:\/\/pozociego.com.ar\/","title":{"rendered":"Inicio"},"content":{"rendered":"<p>[et_pb_section fb_built=&#8221;1&#8243; disabled_on=&#8221;off|off|off&#8221; module_class=&#8221;FH&#8221; _builder_version=&#8221;4.6.6&#8243; _module_preset=&#8221;default&#8221; background_enable_image=&#8221;off&#8221; background_video_mp4=&#8221;http:\/\/pozociego.com.ar\/wp-content\/uploads\/2021\/02\/Pozociego_Baja.mp4&#8243; background_enable_video_webm=&#8221;off&#8221; background_video_pause_outside_viewport=&#8221;off&#8221; min_height_tablet=&#8221;&#8221; min_height_phone=&#8221;&#8221; min_height_last_edited=&#8221;on|phone&#8221; custom_margin=&#8221;||||false|false&#8221;][et_pb_row module_class=&#8221;V-Align&#8221; _builder_version=&#8221;4.6.6&#8243; _module_preset=&#8221;default&#8221; custom_margin=&#8221;||||false|false&#8221; custom_padding=&#8221;||||false|false&#8221;][et_pb_column type=&#8221;4_4&#8243; _builder_version=&#8221;4.6.6&#8243; _module_preset=&#8221;default&#8221;][et_pb_text disabled_on=&#8221;on|on|on&#8221; module_class=&#8221;Titular1&#8243; _builder_version=&#8221;4.6.6&#8243; _module_preset=&#8221;default&#8221; text_font=&#8221;Lato|300||on|||||&#8221; text_text_color=&#8221;#ffffff&#8221; text_font_size=&#8221;80px&#8221; text_letter_spacing=&#8221;5px&#8221; text_line_height=&#8221;1.1em&#8221; transform_translate_linked=&#8221;off&#8221; text_orientation=&#8221;center&#8221; text_font_size_tablet=&#8221;&#8221; text_font_size_phone=&#8221;40px&#8221; text_font_size_last_edited=&#8221;on|phone&#8221; disabled=&#8221;on&#8221;]<\/p>\n<p>POZOCIEGO<\/p>\n<p>[\/et_pb_text][\/et_pb_column][\/et_pb_row][\/et_pb_section][et_pb_section fb_built=&#8221;1&#8243; _builder_version=&#8221;4.6.6&#8243; _module_preset=&#8221;default&#8221;][et_pb_row _builder_version=&#8221;4.6.6&#8243; _module_preset=&#8221;default&#8221;][et_pb_column type=&#8221;4_4&#8243; _builder_version=&#8221;4.6.6&#8243; _module_preset=&#8221;default&#8221;][et_pb_text _builder_version=&#8221;4.6.6&#8243; _module_preset=&#8221;default&#8221; text_font=&#8221;|700|||||||&#8221; text_text_color=&#8221;#000000&#8243; text_orientation=&#8221;right&#8221;].POZOCIEGO[\/et_pb_text][et_pb_text _builder_version=&#8221;4.6.6&#8243; _module_preset=&#8221;default&#8221; text_text_color=&#8221;#2d2d2d&#8221; text_font_size=&#8221;16px&#8221; text_line_height=&#8221;1.8em&#8221;]<\/p>\n<p>Nuestro principal objetivo como colectivo es detenernos, asumir esta metodolog\u00eda para la construcci\u00f3n de po\u00e9ticas in\u00fatiles.<br \/> El estado de quietud nos permite la contemplaci\u00f3n del espacio dom\u00e9stico, la identificaci\u00f3n de movimientos ordinarios que se resignifican como materia porosa para construir narrativas de lo cotidiano.<br \/> Desde el registro fotogr\u00e1fico, audiovisual y sonoro nos encontramos en un continuo proceso tri\u00e1dico sostenido por pruebas, bocetos e intentos desde distintas t\u00e9cnicas que reflejan intenciones y fracasos.<\/p>\n<p>Nuestro colectivo es propiciar los andamiajes de la plataforma como un organismo vivo, una zona de cruces, un n\u00facleo inmersivo alimentado por nuestros constantes ensayos.<\/p>\n<p>Reflejar con nuestros trazos visuales los desplazamientos que habitamos.<\/p>\n<p>[\/et_pb_text][\/et_pb_column][\/et_pb_row][\/et_pb_section]<\/p>\n","protected":false},"excerpt":{"rendered":"<p>[et_pb_section fb_built=&#8221;1&#8243; disabled_on=&#8221;off|off|off&#8221; module_class=&#8221;FH&#8221; _builder_version=&#8221;4.6.6&#8243; _module_preset=&#8221;default&#8221; background_enable_image=&#8221;off&#8221; background_video_mp4=&#8221;http:\/\/pozociego.com.ar\/wp-content\/uploads\/2021\/02\/Pozociego_Baja.mp4&#8243; background_enable_video_webm=&#8221;off&#8221; background_video_pause_outside_viewport=&#8221;off&#8221; min_height_tablet=&#8221;&#8221; min_height_phone=&#8221;&#8221; min_height_last_edited=&#8221;on|phone&#8221; custom_margin=&#8221;||||false|false&#8221;][et_pb_row module_class=&#8221;V-Align&#8221; _builder_version=&#8221;4.6.6&#8243; _module_preset=&#8221;default&#8221; custom_margin=&#8221;||||false|false&#8221; custom_padding=&#8221;||||false|false&#8221;][et_pb_column type=&#8221;4_4&#8243; _builder_version=&#8221;4.6.6&#8243; _module_preset=&#8221;default&#8221;][et_pb_text disabled_on=&#8221;on|on|on&#8221; module_class=&#8221;Titular1&#8243; _builder_version=&#8221;4.6.6&#8243; _module_preset=&#8221;default&#8221; text_font=&#8221;Lato|300||on|||||&#8221; text_text_color=&#8221;#ffffff&#8221; text_font_size=&#8221;80px&#8221; text_letter_spacing=&#8221;5px&#8221; text_line_height=&#8221;1.1em&#8221; transform_translate_linked=&#8221;off&#8221; text_orientation=&#8221;center&#8221; text_font_size_tablet=&#8221;&#8221; text_font_size_phone=&#8221;40px&#8221; text_font_size_last_edited=&#8221;on|phone&#8221; disabled=&#8221;on&#8221;] POZOCIEGO [\/et_pb_text][\/et_pb_column][\/et_pb_row][\/et_pb_section][et_pb_section fb_built=&#8221;1&#8243; _builder_version=&#8221;4.6.6&#8243; _module_preset=&#8221;default&#8221;][et_pb_row _builder_version=&#8221;4.6.6&#8243; _module_preset=&#8221;default&#8221;][et_pb_column type=&#8221;4_4&#8243; _builder_version=&#8221;4.6.6&#8243; _module_preset=&#8221;default&#8221;][et_pb_text _builder_version=&#8221;4.6.6&#8243; _module_preset=&#8221;default&#8221; text_font=&#8221;|700|||||||&#8221; text_text_color=&#8221;#000000&#8243; text_orientation=&#8221;right&#8221;].POZOCIEGO[\/et_pb_text][et_pb_text _builder_version=&#8221;4.6.6&#8243; _module_preset=&#8221;default&#8221; text_text_color=&#8221;#2d2d2d&#8221; [&hellip;]<\/p>\n","protected":false},"author":1,"featured_media":0,"parent":0,"menu_order":0,"comment_status":"closed","ping_status":"closed","template":"","meta":{"_et_pb_use_builder":"on","_et_pb_old_content":"","_et_gb_content_width":""},"_links":{"self":[{"href":"https:\/\/pozociego.com.ar\/index.php?rest_route=\/wp\/v2\/pages\/5"}],"collection":[{"href":"https:\/\/pozociego.com.ar\/index.php?rest_route=\/wp\/v2\/pages"}],"about":[{"href":"https:\/\/pozociego.com.ar\/index.php?rest_route=\/wp\/v2\/types\/page"}],"author":[{"embeddable":true,"href":"https:\/\/pozociego.com.ar\/index.php?rest_route=\/wp\/v2\/users\/1"}],"replies":[{"embeddable":true,"href":"https:\/\/pozociego.com.ar\/index.php?rest_route=%2Fwp%2Fv2%2Fcomments&post=5"}],"version-history":[{"count":25,"href":"https:\/\/pozociego.com.ar\/index.php?rest_route=\/wp\/v2\/pages\/5\/revisions"}],"predecessor-version":[{"id":961,"href":"https:\/\/pozociego.com.ar\/index.php?rest_route=\/wp\/v2\/pages\/5\/revisions\/961"}],"wp:attachment":[{"href":"https:\/\/pozociego.com.ar\/index.php?rest_route=%2Fwp%2Fv2%2Fmedia&parent=5"}],"curies":[{"name":"wp","href":"https:\/\/api.w.org\/{rel}","templated":true}]}}